{"id":70,"date":"2020-12-16T19:11:36","date_gmt":"2020-12-16T18:11:36","guid":{"rendered":"http:\/\/www.lacittaxlacitta.it\/wordpress\/?page_id=70"},"modified":"2021-11-30T11:54:35","modified_gmt":"2021-11-30T10:54:35","slug":"protezione-civile","status":"publish","type":"page","link":"https:\/\/www.lacittaxlacitta.it\/wordpress\/protezione-civile\/","title":{"rendered":"<strong>PROTEZIONE CIVILE<\/strong>"},"content":{"rendered":"\n<p>Nuova Acropoli mette a disposizione di ogni cittadino la sua decennale esperienza promuovendo attivit\u00e0 di informazione e <strong>corsi periodici di formazione al volontariato in protezione civile<\/strong> attraverso cui \u00e8 possibile imparare ad \u201c<strong><em>essere utili dove necessita<\/em><\/strong>\u201d grazie ad una formazione teorica, tecnica ed etica. Gli argomenti trattati sono: primo soccorso, soccorso costiero, ricerca e soccorso sotto le macerie, radiotrasmissioni, antincendio, prevenzione al rischio sismico, allestimento tende e orientamento; alle lezioni sono associate <strong>esercitazioni<\/strong> tecniche per mettere in pratica quanto appreso in aula; infine, la parte dedicata alla <strong>formazione etico-morale<\/strong> permette di imparare a gestire la paura e il panico nelle emergenze (e nella vita in generale), collaborare con gli altri, sviluppare le proprie potenzialit\u00e0 e coltivare valori fondamentali per il volontariato quali generosit\u00e0, altruismo e solidariet\u00e0.<\/p>\n\n\n\n<div class=\"wp-block-image\"><figure class=\"aligncenter size-large is-resized\"><img loading=\"lazy\" src=\"http:\/\/www.lacittaxlacitta.it\/wordpress\/wp-content\/uploads\/2021\/11\/DSCN4483-min-1024x768.jpg\" alt=\"\" class=\"wp-image-391\" width=\"330\" height=\"248\" srcset=\"https:\/\/www.lacittaxlacitta.it\/wordpress\/wp-content\/uploads\/2021\/11\/DSCN4483-min-1024x768.jpg 1024w, https:\/\/www.lacittaxlacitta.it\/wordpress\/wp-content\/uploads\/2021\/11\/DSCN4483-min-300x225.jpg 300w, https:\/\/www.lacittaxlacitta.it\/wordpress\/wp-content\/uploads\/2021\/11\/DSCN4483-min-768x576.jpg 768w, https:\/\/www.lacittaxlacitta.it\/wordpress\/wp-content\/uploads\/2021\/11\/DSCN4483-min-1536x1152.jpg 1536w, https:\/\/www.lacittaxlacitta.it\/wordpress\/wp-content\/uploads\/2021\/11\/DSCN4483-min-2048x1536.jpg 2048w\" sizes=\"(max-width: 330px) 100vw, 330px\" \/><\/figure><\/div>\n\n\n\n<p>Nuova Acropoli Catania, inoltre, \u00e8 <strong>iscritta al registro regionale del volontariato<\/strong> e in collaborazione con il Centro di Servizio per il Volontariato Etneo <strong>risponde all\u2019appello delle richieste di intervento<\/strong> <strong>del territorio<\/strong>, come ad esempio l\u2019operazione \u201cSant\u2019Agata sicura\u201d, le emergenze per condizioni meteo avverse e sisma.<\/p>\n\n\n\n<p class=\"has-text-align-center\"><em>\u201c\u00c8 tempo di andare avanti, non pi\u00f9 confidando sull\u2019impegno straordinario di pochi ma con l\u2019impegno ordinario di molti.\u201d<\/em><\/p>\n\n\n\n<p class=\"has-text-align-center\"><em>(Giovanni Falcone)<\/em><\/p>\n\n\n\n<p> Se sei interessato a saperne di pi\u00f9 clicca <a href=\"http:\/\/www.lacittaxlacitta.it\/wordpress\/approfondimento-protezione-civile\/\" data-type=\"URL\" data-id=\"http:\/\/www.lacittaxlacitta.it\/wordpress\/approfondimento-protezione-civile\/\">qui<\/a><\/p>\n","protected":false},"excerpt":{"rendered":"<p>Nuova Acropoli mette a disposizione di ogni cittadino la sua decennale esperienza promuovendo attivit\u00e0 di informazione e corsi periodici di formazione al volontariato in protezione civile attraverso cui \u00e8 possibile imparare ad \u201cessere utili dove necessita\u201d grazie ad una formazione teorica, tecnica ed etica. Gli argomenti trattati sono: primo soccorso, soccorso costiero, ricerca e soccorso [&hellip;]<\/p>\n","protected":false},"author":1,"featured_media":0,"parent":0,"menu_order":0,"comment_status":"closed","ping_status":"closed","template":"","meta":[],"_links":{"self":[{"href":"https:\/\/www.lacittaxlacitta.it\/wordpress\/wp-json\/wp\/v2\/pages\/70"}],"collection":[{"href":"https:\/\/www.lacittaxlacitta.it\/wordpress\/wp-json\/wp\/v2\/pages"}],"about":[{"href":"https:\/\/www.lacittaxlacitta.it\/wordpress\/wp-json\/wp\/v2\/types\/page"}],"author":[{"embeddable":true,"href":"https:\/\/www.lacittaxlacitta.it\/wordpress\/wp-json\/wp\/v2\/users\/1"}],"replies":[{"embeddable":true,"href":"https:\/\/www.lacittaxlacitta.it\/wordpress\/wp-json\/wp\/v2\/comments?post=70"}],"version-history":[{"count":5,"href":"https:\/\/www.lacittaxlacitta.it\/wordpress\/wp-json\/wp\/v2\/pages\/70\/revisions"}],"predecessor-version":[{"id":395,"href":"https:\/\/www.lacittaxlacitta.it\/wordpress\/wp-json\/wp\/v2\/pages\/70\/revisions\/395"}],"wp:attachment":[{"href":"https:\/\/www.lacittaxlacitta.it\/wordpress\/wp-json\/wp\/v2\/media?parent=70"}],"curies":[{"name":"wp","href":"https:\/\/api.w.org\/{rel}","templated":true}]}}