{"id":63,"date":"2020-12-16T18:52:02","date_gmt":"2020-12-16T17:52:02","guid":{"rendered":"http:\/\/www.lacittaxlacitta.it\/wordpress\/?page_id=63"},"modified":"2021-04-14T19:27:02","modified_gmt":"2021-04-14T17:27:02","slug":"ecologia-attiva","status":"publish","type":"page","link":"https:\/\/www.lacittaxlacitta.it\/wordpress\/ecologia-attiva\/","title":{"rendered":"<strong>ECOLOGIA ATTIVA<\/strong>"},"content":{"rendered":"\n<p>L\u2019Ecologia riveste un ruolo fondamentale nel volontario di Nuova Acropoli Catania: <strong>la natura \u00e8 un essere vivo e come tale va difesa<\/strong>, la sua generosit\u00e0 non pu\u00f2 essere ricambiata con un atteggiamento di indifferenza o gesti di incivilt\u00e0.<\/p>\n\n\n\n<p><strong>Le attivit\u00e0 di pulizia e di riqualificazione restituiscono ai cittadini zone verdi<\/strong> vittime dell\u2019incuria e dell\u2019indifferenza generale. Alcuni esempi sono l\u2019adozione del <strong><em>parco Madre Teresa di Calcutta<\/em><\/strong>, la cura rivolta a <strong><em>largo Rosolino Pilo<\/em><\/strong>, le pulizie straordinarie presso il <strong><em>lungomare<\/em><\/strong> e le attivit\u00e0 di riqualificazione del <strong><em>parco Falcone<\/em><\/strong> che si svolgono in occasione della strage di Capaci.<\/p>\n\n\n\n<p>Squadre di volontari, inoltre, in collaborazione con gli enti preposti operano nell\u2019antincendio boschivo a difesa della natura soprattutto in via preventiva, ed all\u2019occorrenza intervenendo tempestivamente per spegnere i focolai d\u2019incendio.<\/p>\n\n\n\n<p><strong>Scopri di pi\u00f9 sulle nostre aree di intervento!<\/strong><\/p>\n\n\n\n<p><\/p>\n\n\n\n<div class=\"wp-block-image is-style-rounded\"><figure class=\"aligncenter size-large is-resized\"><a href=\"http:\/\/www.lacittaxlacitta.it\/wordpress\/parco-madre-teresa-di-calcutta\/\"><img loading=\"lazy\" src=\"http:\/\/www.lacittaxlacitta.it\/wordpress\/wp-content\/uploads\/2020\/12\/DSCN2671-min-1024x768.jpg\" alt=\"\" class=\"wp-image-143\" width=\"390\" height=\"293\" srcset=\"https:\/\/www.lacittaxlacitta.it\/wordpress\/wp-content\/uploads\/2020\/12\/DSCN2671-min-1024x768.jpg 1024w, https:\/\/www.lacittaxlacitta.it\/wordpress\/wp-content\/uploads\/2020\/12\/DSCN2671-min-300x225.jpg 300w, https:\/\/www.lacittaxlacitta.it\/wordpress\/wp-content\/uploads\/2020\/12\/DSCN2671-min-768x576.jpg 768w, https:\/\/www.lacittaxlacitta.it\/wordpress\/wp-content\/uploads\/2020\/12\/DSCN2671-min-1536x1152.jpg 1536w, https:\/\/www.lacittaxlacitta.it\/wordpress\/wp-content\/uploads\/2020\/12\/DSCN2671-min-2048x1536.jpg 2048w\" sizes=\"(max-width: 390px) 100vw, 390px\" \/><\/a><figcaption>     <a href=\"http:\/\/www.lacittaxlacitta.it\/wordpress\/parco-madre-teresa-di-calcutta\/\">Parco Madre Teresa di Calcutta <\/a><\/figcaption><\/figure><\/div>\n\n\n\n<div class=\"wp-block-image is-style-rounded\"><figure class=\"aligncenter size-large is-resized\"><a href=\"http:\/\/www.lacittaxlacitta.it\/wordpress\/parco-falcone\/\"><img loading=\"lazy\" src=\"http:\/\/www.lacittaxlacitta.it\/wordpress\/wp-content\/uploads\/2020\/12\/IMG_7576-min-2-1024x683.jpg\" alt=\"\" class=\"wp-image-148\" width=\"405\" height=\"270\" srcset=\"https:\/\/www.lacittaxlacitta.it\/wordpress\/wp-content\/uploads\/2020\/12\/IMG_7576-min-2-1024x683.jpg 1024w, https:\/\/www.lacittaxlacitta.it\/wordpress\/wp-content\/uploads\/2020\/12\/IMG_7576-min-2-300x200.jpg 300w, https:\/\/www.lacittaxlacitta.it\/wordpress\/wp-content\/uploads\/2020\/12\/IMG_7576-min-2-768x512.jpg 768w, https:\/\/www.lacittaxlacitta.it\/wordpress\/wp-content\/uploads\/2020\/12\/IMG_7576-min-2-1536x1024.jpg 1536w, https:\/\/www.lacittaxlacitta.it\/wordpress\/wp-content\/uploads\/2020\/12\/IMG_7576-min-2-2048x1365.jpg 2048w\" sizes=\"(max-width: 405px) 100vw, 405px\" \/><\/a><figcaption>   <a href=\"http:\/\/www.lacittaxlacitta.it\/wordpress\/parco-falcone\/\">Parco Falcone <\/a><\/figcaption><\/figure><\/div>\n\n\n\n<div class=\"wp-block-image is-style-rounded\"><figure class=\"aligncenter size-large is-resized\"><a href=\"http:\/\/www.lacittaxlacitta.it\/wordpress\/piazza-rosolino-pino\/\"><img loading=\"lazy\" src=\"http:\/\/www.lacittaxlacitta.it\/wordpress\/wp-content\/uploads\/2020\/12\/Largo-Pilo-gennaio-110-min-1024x683.jpg\" alt=\"\" class=\"wp-image-137\" width=\"403\" height=\"268\" srcset=\"https:\/\/www.lacittaxlacitta.it\/wordpress\/wp-content\/uploads\/2020\/12\/Largo-Pilo-gennaio-110-min-1024x683.jpg 1024w, https:\/\/www.lacittaxlacitta.it\/wordpress\/wp-content\/uploads\/2020\/12\/Largo-Pilo-gennaio-110-min-300x200.jpg 300w, https:\/\/www.lacittaxlacitta.it\/wordpress\/wp-content\/uploads\/2020\/12\/Largo-Pilo-gennaio-110-min-768x512.jpg 768w, https:\/\/www.lacittaxlacitta.it\/wordpress\/wp-content\/uploads\/2020\/12\/Largo-Pilo-gennaio-110-min-1536x1024.jpg 1536w, https:\/\/www.lacittaxlacitta.it\/wordpress\/wp-content\/uploads\/2020\/12\/Largo-Pilo-gennaio-110-min-2048x1365.jpg 2048w\" sizes=\"(max-width: 403px) 100vw, 403px\" \/><\/a><figcaption>  <a href=\"http:\/\/www.lacittaxlacitta.it\/wordpress\/piazza-rosolino-pino\/\">Piazza Rosolino Pilo<\/a><\/figcaption><\/figure><\/div>\n\n\n\n<div class=\"wp-block-image is-style-rounded\"><figure class=\"aligncenter size-large is-resized\"><a href=\"http:\/\/www.lacittaxlacitta.it\/wordpress\/lungomare\/\"><img loading=\"lazy\" src=\"http:\/\/www.lacittaxlacitta.it\/wordpress\/wp-content\/uploads\/2020\/12\/IMG_9183-min-1024x683.jpg\" alt=\"\" class=\"wp-image-144\" width=\"445\" height=\"296\" srcset=\"https:\/\/www.lacittaxlacitta.it\/wordpress\/wp-content\/uploads\/2020\/12\/IMG_9183-min-1024x683.jpg 1024w, https:\/\/www.lacittaxlacitta.it\/wordpress\/wp-content\/uploads\/2020\/12\/IMG_9183-min-300x200.jpg 300w, https:\/\/www.lacittaxlacitta.it\/wordpress\/wp-content\/uploads\/2020\/12\/IMG_9183-min-768x512.jpg 768w, https:\/\/www.lacittaxlacitta.it\/wordpress\/wp-content\/uploads\/2020\/12\/IMG_9183-min-1536x1024.jpg 1536w, https:\/\/www.lacittaxlacitta.it\/wordpress\/wp-content\/uploads\/2020\/12\/IMG_9183-min-2048x1365.jpg 2048w\" sizes=\"(max-width: 445px) 100vw, 445px\" \/><\/a><figcaption><a href=\"http:\/\/www.lacittaxlacitta.it\/wordpress\/lungomare\/\">Lungomare<\/a><\/figcaption><\/figure><\/div>\n\n\n\n<p><\/p>\n\n\n\n<p><\/p>\n\n\n\n<p><\/p>\n\n\n\n<p><\/p>\n\n\n\n<p class=\"has-text-align-left\">                          <\/p>\n\n\n\n<p><\/p>\n\n\n\n<p><\/p>\n\n\n\n<p><\/p>\n\n\n\n<p><\/p>\n\n\n\n<p><\/p>\n\n\n\n<p><\/p>\n\n\n\n<p><\/p>\n\n\n\n<p><\/p>\n\n\n\n<p><\/p>\n","protected":false},"excerpt":{"rendered":"<p>L\u2019Ecologia riveste un ruolo fondamentale nel volontario di Nuova Acropoli Catania: la natura \u00e8 un essere vivo e come tale va difesa, la sua generosit\u00e0 non pu\u00f2 essere ricambiata con un atteggiamento di indifferenza o gesti di incivilt\u00e0. Le attivit\u00e0 di pulizia e di riqualificazione restituiscono ai cittadini zone verdi vittime dell\u2019incuria e dell\u2019indifferenza generale. [&hellip;]<\/p>\n","protected":false},"author":1,"featured_media":0,"parent":0,"menu_order":0,"comment_status":"closed","ping_status":"closed","template":"","meta":[],"_links":{"self":[{"href":"https:\/\/www.lacittaxlacitta.it\/wordpress\/wp-json\/wp\/v2\/pages\/63"}],"collection":[{"href":"https:\/\/www.lacittaxlacitta.it\/wordpress\/wp-json\/wp\/v2\/pages"}],"about":[{"href":"https:\/\/www.lacittaxlacitta.it\/wordpress\/wp-json\/wp\/v2\/types\/page"}],"author":[{"embeddable":true,"href":"https:\/\/www.lacittaxlacitta.it\/wordpress\/wp-json\/wp\/v2\/users\/1"}],"replies":[{"embeddable":true,"href":"https:\/\/www.lacittaxlacitta.it\/wordpress\/wp-json\/wp\/v2\/comments?post=63"}],"version-history":[{"count":21,"href":"https:\/\/www.lacittaxlacitta.it\/wordpress\/wp-json\/wp\/v2\/pages\/63\/revisions"}],"predecessor-version":[{"id":284,"href":"https:\/\/www.lacittaxlacitta.it\/wordpress\/wp-json\/wp\/v2\/pages\/63\/revisions\/284"}],"wp:attachment":[{"href":"https:\/\/www.lacittaxlacitta.it\/wordpress\/wp-json\/wp\/v2\/media?parent=63"}],"curies":[{"name":"wp","href":"https:\/\/api.w.org\/{rel}","templated":true}]}}