{"id":129,"date":"2020-12-22T09:13:56","date_gmt":"2020-12-22T08:13:56","guid":{"rendered":"http:\/\/www.lacittaxlacitta.it\/wordpress\/?page_id=129"},"modified":"2021-11-30T11:47:35","modified_gmt":"2021-11-30T10:47:35","slug":"lungomare","status":"publish","type":"page","link":"https:\/\/www.lacittaxlacitta.it\/wordpress\/lungomare\/","title":{"rendered":"Lungomare"},"content":{"rendered":"\n<div class=\"wp-block-image\"><figure class=\"alignright size-large is-resized\"><img loading=\"lazy\" src=\"http:\/\/www.lacittaxlacitta.it\/wordpress\/wp-content\/uploads\/2021\/11\/canoa-1024x768.jpg\" alt=\"\" class=\"wp-image-387\" width=\"338\" height=\"254\" srcset=\"https:\/\/www.lacittaxlacitta.it\/wordpress\/wp-content\/uploads\/2021\/11\/canoa-1024x768.jpg 1024w, https:\/\/www.lacittaxlacitta.it\/wordpress\/wp-content\/uploads\/2021\/11\/canoa-300x225.jpg 300w, https:\/\/www.lacittaxlacitta.it\/wordpress\/wp-content\/uploads\/2021\/11\/canoa-768x576.jpg 768w, https:\/\/www.lacittaxlacitta.it\/wordpress\/wp-content\/uploads\/2021\/11\/canoa-1536x1152.jpg 1536w, https:\/\/www.lacittaxlacitta.it\/wordpress\/wp-content\/uploads\/2021\/11\/canoa-2048x1536.jpg 2048w\" sizes=\"(max-width: 338px) 100vw, 338px\" \/><\/figure><\/div>\n\n\n\n<p>Nuova Acropoli ha voluto dedicare le sue energie anche alla riqualificazione della bellissima scogliera di pietra lavica sul Lungomare di Catania, unendo l&#8217;amore verso il mare e la volont\u00e0 di ridare vita al territorio che ci circonda. I volontari, infatti, non perdono occasione di organizzare pulizie ecologiche presso il lungomare per rendere pi\u00f9 bello e pulito uno dei luoghi pi\u00f9 belli e vissuti della nostra citt\u00e0.<\/p>\n\n\n\n<p>Nel corso degli anni sono stati raccolti tantissimi i rifiuti di vario tipo, sia in superficie che tra gli scogli tramite l\u2019utilizzo di corde e imbraghi; sono state inoltre pulite le fioriere e installati dei dispenser con dei sacchetti per l\u2019immondizia per sensibilizzare i cittadini a mantenere il luogo pulito. Ma la riqualificazione ha riguardato anche l\u2019aspetto culturale: durante la stagione balneare del 2021 \u00e8 stata installata presso la spiaggetta di San Giovanni Licuti la \u201cBibliocasetta Nettuno\u201d, interamente costruita dai volontari di Nuova Acropoli con la finalit\u00e0 di invitare alla lettura. Si tratta della seconda esperienza in citt\u00e0 a seguito degli ottimi risultati avuti al parco Madre Teresa di Calcutta. La cura del lungomare \u00e8 un\u2019opportunit\u00e0 per essere protagonisti e costruttori della propria citt\u00e0, per renderla bella proprio come vorremmo.<\/p>\n\n\n\n<p>Per saperne di pi\u00f9  leggi <a href=\"http:\/\/www.lacittaxlacitta.it\/wordpress\/attivita-lungomare\/\" data-type=\"URL\" data-id=\"http:\/\/www.lacittaxlacitta.it\/wordpress\/attivita-lungomare\/\">qui<\/a><\/p>\n","protected":false},"excerpt":{"rendered":"<p>Nuova Acropoli ha voluto dedicare le sue energie anche alla riqualificazione della bellissima scogliera di pietra lavica sul Lungomare di Catania, unendo l&#8217;amore verso il mare e la volont\u00e0 di ridare vita al territorio che ci circonda. I volontari, infatti, non perdono occasione di organizzare pulizie ecologiche presso il lungomare per rendere pi\u00f9 bello e [&hellip;]<\/p>\n","protected":false},"author":1,"featured_media":0,"parent":0,"menu_order":0,"comment_status":"closed","ping_status":"closed","template":"","meta":[],"_links":{"self":[{"href":"https:\/\/www.lacittaxlacitta.it\/wordpress\/wp-json\/wp\/v2\/pages\/129"}],"collection":[{"href":"https:\/\/www.lacittaxlacitta.it\/wordpress\/wp-json\/wp\/v2\/pages"}],"about":[{"href":"https:\/\/www.lacittaxlacitta.it\/wordpress\/wp-json\/wp\/v2\/types\/page"}],"author":[{"embeddable":true,"href":"https:\/\/www.lacittaxlacitta.it\/wordpress\/wp-json\/wp\/v2\/users\/1"}],"replies":[{"embeddable":true,"href":"https:\/\/www.lacittaxlacitta.it\/wordpress\/wp-json\/wp\/v2\/comments?post=129"}],"version-history":[{"count":3,"href":"https:\/\/www.lacittaxlacitta.it\/wordpress\/wp-json\/wp\/v2\/pages\/129\/revisions"}],"predecessor-version":[{"id":390,"href":"https:\/\/www.lacittaxlacitta.it\/wordpress\/wp-json\/wp\/v2\/pages\/129\/revisions\/390"}],"wp:attachment":[{"href":"https:\/\/www.lacittaxlacitta.it\/wordpress\/wp-json\/wp\/v2\/media?parent=129"}],"curies":[{"name":"wp","href":"https:\/\/api.w.org\/{rel}","templated":true}]}}